{"id":317,"date":"2023-10-08T17:20:17","date_gmt":"2023-10-08T17:20:17","guid":{"rendered":"https:\/\/arrotxae.org\/?page_id=317"},"modified":"2023-10-08T17:20:17","modified_gmt":"2023-10-08T17:20:17","slug":"aviso-legal","status":"publish","type":"page","link":"https:\/\/arrotxae.org\/?page_id=317","title":{"rendered":"Aviso legal"},"content":{"rendered":"<p>[et_pb_section fb_built=&#8221;1&#8243; theme_builder_area=&#8221;post_content&#8221; _builder_version=&#8221;4.21.0&#8243; _module_preset=&#8221;default&#8221;][et_pb_row _builder_version=&#8221;4.21.0&#8243; _module_preset=&#8221;default&#8221; theme_builder_area=&#8221;post_content&#8221;][et_pb_column _builder_version=&#8221;4.21.0&#8243; _module_preset=&#8221;default&#8221; type=&#8221;4_4&#8243; theme_builder_area=&#8221;post_content&#8221;][et_pb_text _builder_version=&#8221;4.21.0&#8243; _module_preset=&#8221;default&#8221; theme_builder_area=&#8221;post_content&#8221; hover_enabled=&#8221;0&#8243; sticky_enabled=&#8221;0&#8243;]<\/p>\n<p lang=\"es-ES\" align=\"CENTER\" style=\"margin-bottom: 0cm;\"><span style=\"font-family: Verdana, serif;\"><span style=\"font-size: large;\"><b>AVISO LEGAL<\/b><\/span><\/span><\/p>\n<p lang=\"en-GB\" align=\"JUSTIFY\" style=\"margin-bottom: 0.11cm;\"><span style=\"font-family: Arial Unicode MS, serif;\"><span style=\"font-family: Verdana, serif;\"><span style=\"font-size: small;\"><span lang=\"es-ES\">En el presente Aviso Legal, el Usuario, podr\u00e1 encontrar toda la informaci\u00f3n relativa a las condiciones legales que definen las relaciones entre los usuarios y el responsable de la p\u00e1gina web accesible en la direcci\u00f3n URL <\/span><\/span><\/span><span style=\"font-family: Verdana, serif;\"><span style=\"font-size: small;\"><span lang=\"es-ES\">www.arrotxaE.org<\/span><\/span><\/span><span style=\"font-family: Verdana, serif;\"><span style=\"font-size: small;\"><span lang=\"es-ES\"> (en adelante, el Sitio Web), que CE ASOCIACI\u00d3N COMUNIDAD ENERG\u00c9TICA ARROTXA-E (en adelante, el Titular) pone a disposici\u00f3n de los usuarios de Internet.<\/span><\/span><\/span><\/span><\/p>\n<p lang=\"es-ES\" align=\"JUSTIFY\" style=\"margin-bottom: 0cm;\"><span style=\"font-family: Verdana, serif;\"><span style=\"font-size: small;\">La utilizaci\u00f3n del sitio web implica la aceptaci\u00f3n plena y sin reservas de todas y cada una de las disposiciones incluidas en este Aviso Legal. En consecuencia, el usuario del sitio web debe leer atentamente el presente Aviso Legal en cada una de las ocasiones en que se proponga utilizar la web, ya que el texto podr\u00eda sufrir modificaciones a criterio del titular de la web, o a causa de un cambio legislativo, jurisprudencial o en la pr\u00e1ctica empresarial.<\/span><\/span><\/p>\n<p lang=\"es-ES\" align=\"JUSTIFY\" style=\"margin-top: 0.51cm;\"><span style=\"font-family: Verdana, serif;\"><span style=\"font-size: small;\"><b>1.- DATOS DEL RESPONSABLE TITULAR DEL SITIO WEB<\/b><\/span><\/span><\/p>\n<p lang=\"en-GB\" align=\"JUSTIFY\" style=\"margin-top: 0.21cm; margin-bottom: 0cm;\"><span style=\"font-family: Arial Unicode MS, serif;\"><span style=\"font-family: Verdana, serif;\"><span style=\"font-size: small;\"><span lang=\"es-ES\"><u>Nombre del titular<\/u><\/span><\/span><\/span><span style=\"font-family: Verdana, serif;\"><span style=\"font-size: small;\"><span lang=\"es-ES\">: CE ASOCIACI\u00d3N COMUNIDAD ENERG\u00c9TICA ARROTXA-E <\/span><\/span><\/span><\/span><\/p>\n<p lang=\"en-GB\" align=\"JUSTIFY\" style=\"margin-bottom: 0cm; background: transparent;\"><span style=\"font-family: Arial Unicode MS, serif;\"><span style=\"font-family: Verdana, serif;\"><span style=\"font-size: small;\"><span lang=\"es-ES\"><u>Domicilio social<\/u><\/span><\/span><\/span><span style=\"font-family: Verdana, serif;\"><span style=\"font-size: small;\"><span lang=\"es-ES\">:<\/span><\/span><\/span><span style=\"font-family: Verdana, serif;\"><span style=\"font-size: small;\"><span lang=\"es-ES\"><span style=\"background: #ffffff;\"> Calle Bernardino Tirapu 61 bajo Pamplona\/Iru\u00f1ea Navarra (31014)<\/span><\/span><\/span><\/span><\/span><\/p>\n<p lang=\"en-GB\" align=\"JUSTIFY\" style=\"margin-bottom: 0cm; background: #ffffff;\"><span style=\"font-family: Arial Unicode MS, serif;\"><span style=\"font-family: Verdana, serif;\"><span style=\"font-size: small;\"><span lang=\"es-ES\"><u>C.I.F.<\/u><\/span><\/span><\/span><span style=\"font-family: Verdana, serif;\"><span style=\"font-size: small;\"><span lang=\"es-ES\">: <\/span><\/span><\/span><span style=\"font-family: Verdana, serif;\"><span style=\"font-size: small;\"> <\/span><\/span><span style=\"font-family: Verdana, serif;\"><span style=\"font-size: small;\"><span style=\"background: #ffffff;\">G71490379<\/span><\/span><\/span><\/span><\/p>\n<p lang=\"en-GB\" align=\"JUSTIFY\" style=\"margin-bottom: 0cm;\"><span style=\"font-family: Arial Unicode MS, serif;\"><span style=\"font-family: Verdana, serif;\"><span style=\"font-size: small;\"><span lang=\"es-ES\"><u>Correo electr\u00f3nico<\/u><\/span><\/span><\/span><span style=\"font-family: Verdana, serif;\"><span style=\"font-size: small;\"><span lang=\"es-ES\">: arrotxaenergia@gmail.com<\/span><\/span><\/span><\/span><\/p>\n<p lang=\"en-GB\" align=\"JUSTIFY\" style=\"margin-bottom: 0cm;\">\n<p lang=\"es-ES\" align=\"JUSTIFY\" style=\"margin-bottom: 0cm;\">\n<p lang=\"es-ES\" align=\"JUSTIFY\" style=\"margin-bottom: 0cm;\"><span style=\"font-family: Verdana, serif;\"><span style=\"font-size: small;\">CE ASOCIACI\u00d3N COMUNIDAD ENERG\u00c9TICA ARROTXA-E es el responsable del Sitio Web y se compromete a cumplir con todos los requisitos nacionales y europeos que regulan el uso de los datos personales de los usuarios.<\/span><\/span><\/p>\n<p lang=\"es-ES\" align=\"JUSTIFY\" style=\"margin-bottom: 0cm;\">\n<p lang=\"es-ES\" align=\"JUSTIFY\" style=\"margin-bottom: 0cm;\"><span style=\"font-family: Verdana, serif;\"><span style=\"font-size: small;\">Este Sitio Web garantiza la protecci\u00f3n y confidencialidad de los datos personales que nos proporcionen de acuerdo con lo dispuesto en el Reglamento General de Protecci\u00f3n de Datos de Car\u00e1cter Personal (UE) 2016\/679 del Parlamento Europeo y del Consejo, de 27 de abril de 2016, en la Ley Org\u00e1nica 3\/2018, de Protecci\u00f3n de Datos Personales y garant\u00eda de los derechos digitales, as\u00ed como en la Ley de Servicios de la Sociedad de la Informaci\u00f3n y Comercio Electr\u00f3nico 34\/2002 de 11 de Julio (LSSI-CE).<\/span><\/span><\/p>\n<p lang=\"es-ES\" align=\"JUSTIFY\" style=\"margin-bottom: 0cm;\">\n<p lang=\"es-ES\" align=\"JUSTIFY\" style=\"margin-bottom: 0cm;\"><span style=\"font-family: Verdana, serif;\"><span style=\"font-size: small;\"><b>2.- OBJETO <\/b><\/span><\/span><\/p>\n<p lang=\"es-ES\" align=\"JUSTIFY\" style=\"margin-top: 0.21cm; margin-bottom: 0cm;\"><span style=\"font-family: Verdana, serif;\"><span style=\"font-size: small;\">El Sitio Web facilita a los usuarios del mismo el acceso a informaci\u00f3n y servicios prestados por el Titular a aquellas personas u organizaciones interesadas en los mismos.<\/span><\/span><\/p>\n<p lang=\"es-ES\" align=\"JUSTIFY\" style=\"margin-top: 0.21cm; margin-bottom: 0cm;\"><span style=\"font-family: Verdana, serif;\"><span style=\"font-size: small;\">El acceso y la utilizaci\u00f3n del Sitio Web atribuye la condici\u00f3n de usuario del Sitio Web (en adelante, el \u201cUsuario\u201d) e implica la aceptaci\u00f3n de todas las condiciones incluidas en este Aviso Legal as\u00ed como de sus modificaciones. La prestaci\u00f3n del servicio del Sitio Web tiene una duraci\u00f3n limitada al momento en el que el Usuario se encuentre conectado al Sitio Web o a alguno de los servicios que a trav\u00e9s del mismo se facilitan. Por tanto, el Usuario debe leer atentamente el presente Aviso Legal en cada una de las ocasiones en que se proponga utilizar el Sitio Web, ya que \u00e9ste y sus condiciones de uso recogidas en el presente Aviso Legal pueden sufrir modificaciones.<\/span><\/span><\/p>\n<p lang=\"en-GB\" align=\"JUSTIFY\" style=\"margin-top: 0.21cm; margin-bottom: 0cm;\">\n<p lang=\"es-ES\" align=\"JUSTIFY\" style=\"margin-top: 0.21cm;\"><span style=\"font-family: Verdana, serif;\"><span style=\"font-size: small;\"><b>3.- ACCESO Y UTILIZACI\u00d3N DE LA WEB<\/b><\/span><\/span><\/p>\n<p lang=\"es-ES\" align=\"JUSTIFY\" style=\"margin-top: 0.11cm; margin-bottom: 0.25cm;\"><span style=\"font-family: Verdana, serif;\"><span style=\"font-size: small;\">El acceso a la web tiene car\u00e1cter gratuito para los usuarios de la misma, salvo en lo relativo al coste de la conexi\u00f3n a trav\u00e9s de la red de telecomunicaciones suministrada por el proveedor de acceso contratado por los usuarios. Con car\u00e1cter general el acceso y utilizaci\u00f3n de la web no exige la previa suscripci\u00f3n o registro de los usuarios de la misma. <\/span><\/span><\/p>\n<p lang=\"es-ES\" align=\"JUSTIFY\" style=\"margin-top: 0.21cm; margin-bottom: 0cm;\"><span style=\"font-family: Verdana, serif;\"><span style=\"font-size: small;\">Los usuarios garantizan y responden, en cualquier caso, de la exactitud, vigencia y autenticidad de los datos personales facilitados, y se comprometen a mantenerlos debidamente actualizados. El usuario acepta proporcionar informaci\u00f3n completa y correcta en el formulario de contacto o suscripci\u00f3n.<\/span><\/span><\/p>\n<p lang=\"es-ES\" align=\"JUSTIFY\" style=\"margin-top: 0.21cm;\"><span style=\"font-family: Verdana, serif;\"><span style=\"font-size: small;\">En ning\u00fan caso se recabar\u00e1n del menor de edad datos relativos a la situaci\u00f3n profesional, econ\u00f3mica o a la intimidad de los otros miembros de la familia, sin el consentimiento de \u00e9stos. Si eres menor de catorce a\u00f1os y has accedido a este sitio web sin avisar a tus padres no debes registrarte como usuario.<\/span><\/span><\/p>\n<p lang=\"es-ES\" align=\"JUSTIFY\" style=\"margin-top: 0.21cm; margin-bottom: 0cm;\"><span style=\"font-family: Verdana, serif;\"><span style=\"font-size: small;\">En esta web se respetan y cuidan los datos personales de los usuarios. Como usuario, debes saber que tus derechos est\u00e1n garantizados.<\/span><\/span><\/p>\n<p lang=\"es-ES\" align=\"JUSTIFY\" style=\"margin-top: 0.21cm; margin-bottom: 0cm;\">\n<p lang=\"en-GB\" align=\"JUSTIFY\" style=\"margin-bottom: 0cm;\">\n<p lang=\"en-GB\" align=\"JUSTIFY\" style=\"margin-bottom: 0cm;\"><span style=\"font-family: Verdana, serif;\"><span style=\"font-size: small;\"><b><span lang=\"es-ES\">4.- <\/span><span lang=\"es-ES\"><span style=\"background: #ffffff;\">CONTENIDOS<\/span><\/span><span lang=\"es-ES\"> DE LA WEB<\/span><\/b><\/span><\/span><\/p>\n<p lang=\"es-ES\" align=\"JUSTIFY\" style=\"margin-top: 0.21cm; margin-bottom: 0cm;\"><span style=\"font-family: Verdana, serif;\"><span style=\"font-size: small;\">El idioma utilizado por el titular en la web ser\u00e1 el castellano. El Titular no se responsabiliza de la no comprensi\u00f3n o entendimiento del idioma de la web por el usuario, ni de sus consecuencias.<\/span><\/span><\/p>\n<p lang=\"es-ES\" align=\"JUSTIFY\" style=\"margin-top: 0.21cm; margin-bottom: 0cm;\"><span style=\"font-family: Verdana, serif;\"><span style=\"font-size: small;\">El Titular podr\u00e1 modificar los contenidos sin previo aviso, as\u00ed como suprimir y cambiar \u00e9stos dentro de la web, como la forma en que se accede a \u00e9stos, sin justificaci\u00f3n alguna y libremente, no responsabiliz\u00e1ndose de las consecuencias que los mismos puedan ocasionar a los usuarios.<\/span><\/span><\/p>\n<p lang=\"es-ES\" align=\"JUSTIFY\" style=\"margin-top: 0.21cm; margin-bottom: 0cm;\"><span style=\"font-family: Verdana, serif;\"><span style=\"font-size: small;\">Se proh\u00edbe el uso de los contenidos de la web para promocionar, contratar o divulgar publicidad o informaci\u00f3n propia o de terceras personas sin la autorizaci\u00f3n de el Titular, ni remitir publicidad o informaci\u00f3n vali\u00e9ndose para ello de los servicios o informaci\u00f3n que se ponen a disposici\u00f3n de los usuarios, independientemente de si la utilizaci\u00f3n es gratuita o no.<\/span><\/span><\/p>\n<p lang=\"es-ES\" align=\"JUSTIFY\" style=\"margin-top: 0.21cm; margin-bottom: 0cm;\"><span style=\"font-family: Verdana, serif;\"><span style=\"font-size: small;\">Los enlaces o hiperenlaces que incorporen terceros en sus p\u00e1ginas web, dirigidos a esta web, ser\u00e1n para la apertura de la p\u00e1gina web completa, no pudiendo manifestar, directa o indirectamente, indicaciones falsas, inexactas o confusas, ni incurrir en acciones desleales o il\u00edcitas en contra de aquel.<\/span><\/span><\/p>\n<p lang=\"en-GB\" align=\"LEFT\" style=\"margin-bottom: 0.35cm; line-height: 115%;\">\n<p lang=\"en-GB\" align=\"JUSTIFY\" style=\"margin-top: 0.21cm; margin-bottom: 0cm;\"><span style=\"font-family: Verdana, serif;\"><span style=\"font-size: small;\"><b>5.- MEDIDAS DE SEGURIDAD<\/b><\/span><\/span><\/p>\n<p lang=\"es-ES\" align=\"JUSTIFY\" style=\"margin-top: 0.21cm; margin-bottom: 0cm;\"><span style=\"font-family: Verdana, serif;\"><span style=\"font-size: small;\"><span style=\"background: #ffffff;\">Los datos personales comunicados por el usuario podr\u00e1n ser almacenados en bases de datos automatizadas o no, cuya titularidad corresponde en exclusiva al Titular, asumiendo todas las medidas de \u00edndole t\u00e9cnica, organizativa y de seguridad que garanticen la confidencialidad, integridad y calidad de la informaci\u00f3n contenida en las mismas de acuerdo con lo establecido en las normativas vigentes en materia de protecci\u00f3n de datos de car\u00e1cter personal.<\/span><\/span><\/span><\/p>\n<p lang=\"en-GB\" align=\"LEFT\" style=\"margin-bottom: 0.35cm; line-height: 115%;\">\n<p lang=\"en-GB\" align=\"JUSTIFY\" style=\"margin-top: 0.21cm; margin-bottom: 0cm;\"><span style=\"font-family: Verdana, serif;\"><span style=\"font-size: small;\"><b>6.- LIMITACI\u00d3N DE RESPONSABILIDAD<\/b><\/span><\/span><\/p>\n<p lang=\"es-ES\" align=\"JUSTIFY\" style=\"margin-top: 0.21cm; margin-bottom: 0cm;\"><span style=\"font-family: Verdana, serif;\"><span style=\"font-size: small;\">Tanto el acceso a la web como el uso no consentido que pueda efectuarse de la informaci\u00f3n contenida en la misma es de la exclusiva responsabilidad de quien lo realiza. El Titular no responder\u00e1 de ninguna consecuencia, da\u00f1o o perjuicio que pudieran derivarse de dicho acceso o uso. Tampoco se hace responsable de los errores de seguridad, que se puedan producir ni de los da\u00f1os que puedan causarse al sistema inform\u00e1tico del usuario (hardware y software), o a los ficheros o documentos almacenados en el mismo, como consecuencia de:<\/span><\/span><\/p>\n<p lang=\"es-ES\" align=\"JUSTIFY\" style=\"margin-bottom: 0cm;\"><span style=\"font-family: Verdana, serif;\"><span style=\"font-size: small;\">&#8211; la presencia de un virus en el ordenador del usuario que sea utilizado para la conexi\u00f3n a los servicios y contenidos de la web.<\/span><\/span><\/p>\n<p lang=\"es-ES\" align=\"JUSTIFY\" style=\"margin-bottom: 0cm;\"><span style=\"font-family: Verdana, serif;\"><span style=\"font-size: small;\">&#8211; un mal funcionamiento del navegador.<\/span><\/span><\/p>\n<p lang=\"es-ES\" align=\"JUSTIFY\" style=\"margin-bottom: 0cm;\"><span style=\"font-family: Verdana, serif;\"><span style=\"font-size: small;\">&#8211; y\/o del uso de versiones no actualizadas del mismo.<\/span><\/span><\/p>\n<p lang=\"es-ES\" align=\"JUSTIFY\" style=\"margin-top: 0.21cm; margin-bottom: 0cm;\"><span style=\"font-family: Verdana, serif;\"><span style=\"font-size: small;\">El Titular no se hace responsable de la fiabilidad y rapidez de los hiperenlaces que se incorporen en la web para la apertura de otras. Tampoco garantiza la utilidad de estos enlaces, ni se responsabiliza de los contenidos o servicios a los que pueda acceder el usuario por medio de estos enlaces, ni del buen funcionamiento de estas webs.<\/span><\/span><\/p>\n<p lang=\"es-ES\" align=\"JUSTIFY\" style=\"margin-top: 0.21cm; margin-bottom: 0cm;\"><span style=\"font-family: Verdana, serif;\"><span style=\"font-size: small;\">El Titular no ser\u00e1 responsable de los virus o dem\u00e1s programas inform\u00e1ticos que deterioren o puedan deteriorar los sistemas o equipos inform\u00e1ticos de los usuarios al acceder a su web u otras webs a las que se haya accedido mediante enlaces de esta web.<\/span><\/span><\/p>\n<p lang=\"es-ES\" align=\"JUSTIFY\" style=\"margin-top: 0.21cm; margin-bottom: 0cm;\">\n<p lang=\"es-ES\" align=\"JUSTIFY\" style=\"margin-top: 0.21cm; margin-bottom: 0cm;\"><span style=\"font-family: Verdana, serif;\"><span style=\"font-size: small;\"><b>7.- EMPLEO DE LA TECNOLOG\u00cdA \u201cCOOKIE\u201d<\/b><\/span><\/span><\/p>\n<p lang=\"en-GB\" align=\"JUSTIFY\" style=\"margin-top: 0.21cm; margin-bottom: 0cm;\"><span style=\"font-family: Arial Unicode MS, serif;\"><span style=\"font-family: Verdana, serif;\"><span style=\"font-size: small;\"><span lang=\"es-ES\">El Sitio Web puede emplear cookies o tecnolog\u00edas similares que se regir\u00e1n por lo establecido en la <\/span><\/span><\/span><a href=\"file:\/\/\/C:\/Users\/iban\/Desktop\/\">Pol\u00edtica de Cookies<\/a><span style=\"font-family: Verdana, serif;\"><span style=\"font-size: small;\"><span lang=\"es-ES\">, accesible en todo momento y respetando la confidencialidad e intimidad del usuario, siendo parte integrante del presente Aviso Legal.<\/span><\/span><\/span><\/span><\/p>\n<p lang=\"en-GB\" align=\"JUSTIFY\" style=\"margin-top: 0.21cm; margin-bottom: 0cm;\">\n<p lang=\"en-GB\" align=\"LEFT\" style=\"margin-bottom: 0.28cm; line-height: 108%;\">\n<p lang=\"en-GB\" align=\"JUSTIFY\" style=\"margin-top: 0.21cm; margin-bottom: 0cm; page-break-before: always;\"><span style=\"font-family: Verdana, serif;\"><span style=\"font-size: small;\"><b>8.- NAVEGACI\u00d3N<\/b><\/span><\/span><\/p>\n<p lang=\"es-ES\" align=\"JUSTIFY\" style=\"margin-top: 0.21cm;\"><span style=\"font-family: Verdana, serif;\"><span style=\"font-size: small;\">Los servidores de Internet pueden recoger datos no identificables, que puedan incluir, direcciones IP, y otros datos que no pueden ser utilizados para identificar al usuario. Su direcci\u00f3n IP se almacenar\u00e1 en los logs de acceso de forma autom\u00e1tica y con la \u00fanica finalidad de permitir el tr\u00e1nsito por Internet, siendo necesario que su equipo facilite esta direcci\u00f3n IP cuando navega por Internet para que las comunicaciones puedan realizarse. As\u00ed mismo, la direcci\u00f3n IP podr\u00e1 ser utilizada para realizar estad\u00edsticas, de manera anonimizada, sobre el n\u00famero de visitantes de esta web y su procedencia, de forma totalmente transparente a su navegaci\u00f3n.<\/span><\/span><\/p>\n<p lang=\"es-ES\" align=\"JUSTIFY\" style=\"margin-top: 0.49cm; margin-bottom: 0cm;\"><span style=\"font-family: Verdana, serif;\"><span style=\"font-size: small;\"><b>9.- PROPIEDAD INTELECTUAL E INDUSTRIAL<\/b><\/span><\/span><\/p>\n<p lang=\"es-ES\" align=\"JUSTIFY\" style=\"margin-top: 0.11cm; margin-bottom: 0cm;\"><span style=\"font-family: Verdana, serif;\"><span style=\"font-size: small;\">El usuario conoce y acepta que todos los contenidos y\/o cualesquiera otros elementos del sitio web son propiedad del Titular, y se compromete a respetar los derechos de propiedad intelectual e industrial titularidad del mismo y\/o de terceros. Cualquier uso de la web o sus contenidos deber\u00e1 tener un car\u00e1cter exclusivamente particular <\/span><\/span><\/p>\n<p lang=\"es-ES\" align=\"JUSTIFY\" style=\"margin-top: 0.21cm; margin-bottom: 0cm;\"><span style=\"font-family: Verdana, serif;\"><span style=\"font-size: small;\">Est\u00e1 reservado exclusivamente al Titular cualquier otro uso que suponga la copia, reproducci\u00f3n, distribuci\u00f3n, transformaci\u00f3n, comunicaci\u00f3n p\u00fablica o cualquier otra acci\u00f3n similar, de todo o parte de los contenidos de la web, por lo que ning\u00fan usuario podr\u00e1 llevar a cabo estas acciones sin la autorizaci\u00f3n previa y por escrito de aquel.<\/span><\/span><\/p>\n<p lang=\"es-ES\" align=\"JUSTIFY\" style=\"margin-top: 0.21cm; margin-bottom: 0cm;\">\n<p lang=\"es-ES\" align=\"JUSTIFY\" style=\"margin-top: 0.21cm; margin-bottom: 0cm;\"><span style=\"font-family: Verdana, serif;\"><span style=\"font-size: small;\"><b>10.- LEGISLACI\u00d3N APLICABLE Y JURISDICCI\u00d3N COMPETENTE <\/b><\/span><\/span><\/p>\n<p lang=\"es-ES\" align=\"JUSTIFY\" style=\"margin-top: 0.21cm; margin-bottom: 0cm;\"><span style=\"font-family: Verdana, serif;\"><span style=\"font-size: small;\">El presente Aviso Legal se interpretar\u00e1 y regir\u00e1 de conformidad con la legislaci\u00f3n espa\u00f1ola. CE ASOCIACI\u00d3N COMUNIDAD ENERG\u00c9TICA ARROTXA-E y los usuarios, con renuncia expresa a cualquier otro fuero que pudiera corresponderles, se someten al de los juzgados y tribunales del domicilio del usuario para cualquier controversia que pudiera derivarse del acceso o uso de la web. En el caso de que el usuario tenga su domicilio fuera de Espa\u00f1a, el Titular y el usuario, se someten, con renuncia expresa a cualquier otro fuero, a los juzgados y tribunales de la ciudad de PAMPLONA (NAVARRA).<\/span><\/span><\/p>\n<p>[\/et_pb_text][\/et_pb_column][\/et_pb_row][\/et_pb_section]<\/p>\n","protected":false},"excerpt":{"rendered":"<p>AVISO LEGAL En el presente Aviso Legal, el Usuario, podr\u00e1 encontrar toda la informaci\u00f3n relativa a las condiciones legales que definen las relaciones entre los usuarios y el responsable de la p\u00e1gina web accesible en la direcci\u00f3n URL www.arrotxaE.org (en adelante, el Sitio Web), que CE ASOCIACI\u00d3N COMUNIDAD ENERG\u00c9TICA ARROTXA-E (en adelante, el Titular) pone [&hellip;]<\/p>\n","protected":false},"author":1,"featured_media":0,"parent":0,"menu_order":0,"comment_status":"closed","ping_status":"closed","template":"","meta":{"_et_pb_use_builder":"on","_et_pb_old_content":"","_et_gb_content_width":""},"_links":{"self":[{"href":"https:\/\/arrotxae.org\/index.php?rest_route=\/wp\/v2\/pages\/317"}],"collection":[{"href":"https:\/\/arrotxae.org\/index.php?rest_route=\/wp\/v2\/pages"}],"about":[{"href":"https:\/\/arrotxae.org\/index.php?rest_route=\/wp\/v2\/types\/page"}],"author":[{"embeddable":true,"href":"https:\/\/arrotxae.org\/index.php?rest_route=\/wp\/v2\/users\/1"}],"replies":[{"embeddable":true,"href":"https:\/\/arrotxae.org\/index.php?rest_route=%2Fwp%2Fv2%2Fcomments&post=317"}],"version-history":[{"count":2,"href":"https:\/\/arrotxae.org\/index.php?rest_route=\/wp\/v2\/pages\/317\/revisions"}],"predecessor-version":[{"id":320,"href":"https:\/\/arrotxae.org\/index.php?rest_route=\/wp\/v2\/pages\/317\/revisions\/320"}],"wp:attachment":[{"href":"https:\/\/arrotxae.org\/index.php?rest_route=%2Fwp%2Fv2%2Fmedia&parent=317"}],"curies":[{"name":"wp","href":"https:\/\/api.w.org\/{rel}","templated":true}]}}